{"id":62,"date":"2023-08-11T21:48:56","date_gmt":"2023-08-11T19:48:56","guid":{"rendered":"https:\/\/dr-kfz.de\/od\/?page_id=62"},"modified":"2023-08-11T22:31:24","modified_gmt":"2023-08-11T20:31:24","slug":"formular","status":"publish","type":"page","link":"https:\/\/dr-kfz.de\/od\/formular\/","title":{"rendered":""},"content":{"rendered":"\n<figure class=\"wp-block-image is-resized\"><img loading=\"lazy\" decoding=\"async\" src=\"https:\/\/dr-kfz.de\/od\/wp-content\/uploads\/2023\/08\/banner.png\" alt=\"\" class=\"wp-image-12\" style=\"width:272px;height:76px\" width=\"272\" height=\"76\" srcset=\"https:\/\/dr-kfz.de\/od\/wp-content\/uploads\/2023\/08\/banner.png 1965w, https:\/\/dr-kfz.de\/od\/wp-content\/uploads\/2023\/08\/banner-300x83.png 300w, https:\/\/dr-kfz.de\/od\/wp-content\/uploads\/2023\/08\/banner-1024x285.png 1024w, https:\/\/dr-kfz.de\/od\/wp-content\/uploads\/2023\/08\/banner-768x213.png 768w, https:\/\/dr-kfz.de\/od\/wp-content\/uploads\/2023\/08\/banner-1536x427.png 1536w\" sizes=\"auto, (max-width: 272px) 100vw, 272px\" \/><\/figure>\n\n\n<style id=\"wpforms-css-vars-root\">\n\t\t\t\t:root {\n\t\t\t\t\t--wpforms-field-border-radius: 3px;\n--wpforms-field-background-color: #ffffff;\n--wpforms-field-border-color: rgba( 0, 0, 0, 0.25 );\n--wpforms-field-text-color: rgba( 0, 0, 0, 0.7 );\n--wpforms-label-color: rgba( 0, 0, 0, 0.85 );\n--wpforms-label-sublabel-color: rgba( 0, 0, 0, 0.55 );\n--wpforms-label-error-color: #d63637;\n--wpforms-button-border-radius: 3px;\n--wpforms-button-background-color: #066aab;\n--wpforms-button-text-color: #ffffff;\n--wpforms-field-size-input-height: 43px;\n--wpforms-field-size-input-spacing: 15px;\n--wpforms-field-size-font-size: 16px;\n--wpforms-field-size-line-height: 19px;\n--wpforms-field-size-padding-h: 14px;\n--wpforms-field-size-checkbox-size: 16px;\n--wpforms-field-size-sublabel-spacing: 5px;\n--wpforms-field-size-icon-size: 1;\n--wpforms-label-size-font-size: 16px;\n--wpforms-label-size-line-height: 19px;\n--wpforms-label-size-sublabel-font-size: 14px;\n--wpforms-label-size-sublabel-line-height: 17px;\n--wpforms-button-size-font-size: 17px;\n--wpforms-button-size-height: 41px;\n--wpforms-button-size-padding-h: 15px;\n--wpforms-button-size-margin-top: 10px;\n\n\t\t\t\t}\n\t\t\t<\/style><div class=\"wpforms-container wpforms-container-full wpforms-block wpforms-block-15c065b6-6baf-480c-9d87-02b0f23b8533 wpforms-render-modern\" id=\"wpforms-16\"><form id=\"wpforms-form-16\" class=\"wpforms-validate wpforms-form wpforms-ajax-form\" data-formid=\"16\" method=\"post\" enctype=\"multipart\/form-data\" action=\"\/od\/wp-json\/wp\/v2\/pages\/62\" data-token=\"0ca295d3b944f20fcccbc010c7ccedd3\"><noscript class=\"wpforms-error-noscript\">Bitte aktiviere JavaScript in deinem Browser, um dieses Formular fertigzustellen.<\/noscript><div class=\"wpforms-hidden\" id=\"wpforms-error-noscript\">Bitte aktiviere JavaScript in deinem Browser, um dieses Formular fertigzustellen.<\/div><div class=\"wpforms-field-container\"><div id=\"wpforms-16-field_23-container\" class=\"wpforms-field wpforms-field-divider\" data-field-id=\"23\"><h3 id=\"wpforms-16-field_23\" name=\"wpforms[fields][23]\" aria-errormessage=\"wpforms-16-field_23-error\">Geben Sie uns bitte die m\u00f6glichkeit Sie kennenzulernen:<\/h3><\/div><div id=\"wpforms-16-field_0-container\" class=\"wpforms-field wpforms-field-name\" data-field-id=\"0\"><fieldset><legend class=\"wpforms-field-label\">Pers\u00f6nliche Daten <span class=\"wpforms-required-label\" aria-hidden=\"true\">*<\/span><\/legend><div class=\"wpforms-field-row wpforms-field-large\"><div class=\"wpforms-field-row-block wpforms-first wpforms-one-half\"><input type=\"text\" id=\"wpforms-16-field_0\" class=\"wpforms-field-name-first wpforms-field-required\" name=\"wpforms[fields][0][first]\" aria-errormessage=\"wpforms-16-field_0-error\" aria-describedby=\"wpforms-16-field_0-description\" required><label for=\"wpforms-16-field_0\" class=\"wpforms-field-sublabel after \">Vorname<\/label><\/div><div class=\"wpforms-field-row-block wpforms-one-half\"><input type=\"text\" id=\"wpforms-16-field_0-last\" class=\"wpforms-field-name-last wpforms-field-required\" name=\"wpforms[fields][0][last]\" aria-errormessage=\"wpforms-16-field_0-last-error\" aria-describedby=\"wpforms-16-field_0-description\" required><label for=\"wpforms-16-field_0-last\" class=\"wpforms-field-sublabel after \">Nachname<\/label><\/div><\/div><div id=\"wpforms-16-field_0-description\" class=\"wpforms-field-description\">*Pflichtfeld<\/div><\/fieldset><\/div><div id=\"wpforms-16-field_5-container\" class=\"wpforms-field wpforms-field-address\" data-field-id=\"5\"><fieldset><legend class=\"wpforms-field-label\">Adresse <span class=\"wpforms-required-label\" aria-hidden=\"true\">*<\/span><\/legend><div class=\"wpforms-field-row wpforms-field-large\"><div ><input type=\"text\" id=\"wpforms-16-field_5\" class=\"wpforms-field-address-address1 wpforms-field-required\" name=\"wpforms[fields][5][address1]\" placeholder=\"Stra\u00dfe und Hausnummer\" aria-errormessage=\"wpforms-16-field_5-error\" aria-describedby=\"wpforms-16-field_5-description\" required><label for=\"wpforms-16-field_5\" class=\"wpforms-field-sublabel after wpforms-sublabel-hide\">Adresse Zeile 1<\/label><\/div><\/div><div class=\"wpforms-field-row wpforms-field-large\"><div class=\"wpforms-field-row-block wpforms-one-half wpforms-first\"><input type=\"text\" id=\"wpforms-16-field_5-city\" class=\"wpforms-field-address-city wpforms-field-required\" name=\"wpforms[fields][5][city]\" placeholder=\"Postleitzahl\" aria-errormessage=\"wpforms-16-field_5-city-error\" aria-describedby=\"wpforms-16-field_5-description\" required><label for=\"wpforms-16-field_5-city\" class=\"wpforms-field-sublabel after wpforms-sublabel-hide\">Ort<\/label><\/div><div class=\"wpforms-field-row-block wpforms-one-half\"><input type=\"text\" id=\"wpforms-16-field_5-state\" class=\"wpforms-field-address-state wpforms-field-required\" name=\"wpforms[fields][5][state]\" placeholder=\"Ort\" aria-errormessage=\"wpforms-16-field_5-state-error\" aria-describedby=\"wpforms-16-field_5-description\" required><label for=\"wpforms-16-field_5-state\" class=\"wpforms-field-sublabel after wpforms-sublabel-hide\">Region<\/label><\/div><\/div><div id=\"wpforms-16-field_5-description\" class=\"wpforms-field-description\">*Pflichtfeld<\/div><\/fieldset><\/div><div id=\"wpforms-16-field_21-container\" class=\"wpforms-field wpforms-field-layout\" data-field-id=\"21\"><label class=\"wpforms-field-label wpforms-label-hide\" for=\"wpforms-16-field_21\" aria-hidden=\"false\">Layout<\/label><div class=\"wpforms-field-layout-columns wpforms-field-layout-preset-50-50\"><div class=\"wpforms-layout-column wpforms-layout-column-50\"><div id=\"wpforms-16-field_1-container\" class=\"wpforms-field wpforms-field-email\" data-field-id=\"1\"><label class=\"wpforms-field-label\" for=\"wpforms-16-field_1\">Email Adresse <span class=\"wpforms-required-label\" aria-hidden=\"true\">*<\/span><\/label><input type=\"email\" id=\"wpforms-16-field_1\" class=\"wpforms-field-medium wpforms-field-required\" name=\"wpforms[fields][1]\" spellcheck=\"false\" aria-errormessage=\"wpforms-16-field_1-error\" aria-describedby=\"wpforms-16-field_1-description\" required><div id=\"wpforms-16-field_1-description\" class=\"wpforms-field-description\">*Pflichtfeld<\/div><\/div><\/div><div class=\"wpforms-layout-column wpforms-layout-column-50\"><div id=\"wpforms-16-field_4-container\" class=\"wpforms-field wpforms-field-phone\" data-field-id=\"4\"><label class=\"wpforms-field-label\" for=\"wpforms-16-field_4\">Rufnummer <span class=\"wpforms-required-label\" aria-hidden=\"true\">*<\/span><\/label><input type=\"tel\" id=\"wpforms-16-field_4\" class=\"wpforms-field-medium wpforms-field-required wpforms-smart-phone-field\" data-rule-smart-phone-field=\"true\" name=\"wpforms[fields][4]\" aria-errormessage=\"wpforms-16-field_4-error\" aria-describedby=\"wpforms-16-field_4-description\" required><div id=\"wpforms-16-field_4-description\" class=\"wpforms-field-description\">*Pflichtfeld<\/div><\/div><\/div><\/div><\/div><div id=\"wpforms-16-field_22-container\" class=\"wpforms-field wpforms-field-divider\" data-field-id=\"22\"><h3 id=\"wpforms-16-field_22\" name=\"wpforms[fields][22]\" aria-errormessage=\"wpforms-16-field_22-error\">Bitte machen Sie nun Angaben zum Fahrzeug:<\/h3><\/div><div id=\"wpforms-16-field_6-container\" class=\"wpforms-field wpforms-field-layout\" data-field-id=\"6\"><label class=\"wpforms-field-label wpforms-label-hide\" for=\"wpforms-16-field_6\" aria-hidden=\"false\">Aufstellung<\/label><div class=\"wpforms-field-layout-columns wpforms-field-layout-preset-50-50\"><div class=\"wpforms-layout-column wpforms-layout-column-50\"><div id=\"wpforms-16-field_7-container\" class=\"wpforms-field wpforms-field-text\" data-field-id=\"7\"><label class=\"wpforms-field-label\" for=\"wpforms-16-field_7\">Hersteller <span class=\"wpforms-required-label\" aria-hidden=\"true\">*<\/span><\/label><input type=\"text\" id=\"wpforms-16-field_7\" class=\"wpforms-field-medium wpforms-field-required\" name=\"wpforms[fields][7]\" aria-errormessage=\"wpforms-16-field_7-error\" aria-describedby=\"wpforms-16-field_7-description\" required><div id=\"wpforms-16-field_7-description\" class=\"wpforms-field-description\">*Pflichtfeld<\/div><\/div><div id=\"wpforms-16-field_8-container\" class=\"wpforms-field wpforms-field-text\" data-field-id=\"8\"><label class=\"wpforms-field-label\" for=\"wpforms-16-field_8\">Modell <span class=\"wpforms-required-label\" aria-hidden=\"true\">*<\/span><\/label><input type=\"text\" id=\"wpforms-16-field_8\" class=\"wpforms-field-medium wpforms-field-required\" name=\"wpforms[fields][8]\" aria-errormessage=\"wpforms-16-field_8-error\" aria-describedby=\"wpforms-16-field_8-description\" required><div id=\"wpforms-16-field_8-description\" class=\"wpforms-field-description\">*Pflichtfeld<\/div><\/div><div id=\"wpforms-16-field_9-container\" class=\"wpforms-field wpforms-field-text\" data-field-id=\"9\"><label class=\"wpforms-field-label\" for=\"wpforms-16-field_9\">Baujahr <span class=\"wpforms-required-label\" aria-hidden=\"true\">*<\/span><\/label><input type=\"text\" id=\"wpforms-16-field_9\" class=\"wpforms-field-medium wpforms-field-required\" name=\"wpforms[fields][9]\" aria-errormessage=\"wpforms-16-field_9-error\" aria-describedby=\"wpforms-16-field_9-description\" required><div id=\"wpforms-16-field_9-description\" class=\"wpforms-field-description\">*Pflichtfeld<\/div><\/div><div id=\"wpforms-16-field_14-container\" class=\"wpforms-field wpforms-field-select wpforms-field-select-style-classic\" data-field-id=\"14\"><label class=\"wpforms-field-label\" for=\"wpforms-16-field_14\">Tuningfahrzeug<\/label><select id=\"wpforms-16-field_14\" class=\"wpforms-field-medium\" name=\"wpforms[fields][14]\"><option value=\"Nein\"  selected='selected'>Nein<\/option><option value=\"Ja\" >Ja<\/option><\/select><\/div><div id=\"wpforms-16-field_26-container\" class=\"wpforms-field wpforms-field-content\" data-field-id=\"26\"><div id=\"wpforms-16-field_26\" class=\"wpforms-field-medium wpforms-field-row\" name=\"wpforms[fields][26]\" aria-errormessage=\"wpforms-16-field_26-error\"><h4>Punkt &#8222;zu 2&#8220; = HSN (vier Ziffern)<\/h4>\n<p>Punkt &#8222;2.2&#8220; = TSN (erste 3 Stellen)<br \/>\nPunkt &#8222;E&#8220;: FIN (Fahrzeugidentnr.) (17-stellig)<\/p>\n<p><figure id=\"attachment_40\" style=\"width: 300px\" class=\"wp-caption alignnone\"><img loading=\"lazy\" decoding=\"async\" height=\"146\" width=\"300\" alt=\"HSNTSNFIN\" src=\"https:\/\/dr-kfz.de\/od\/wp-content\/uploads\/2023\/08\/fahrzeugschein.jpge_-300x146.jpeg\" class=\"size-medium wp-image-40\" srcset=\"https:\/\/dr-kfz.de\/od\/wp-content\/uploads\/2023\/08\/fahrzeugschein.jpge_-300x146.jpeg 300w, https:\/\/dr-kfz.de\/od\/wp-content\/uploads\/2023\/08\/fahrzeugschein.jpge_.jpeg 743w\" sizes=\"auto, (max-width: 300px) 100vw, 300px\" \/><figcaption id=\"caption-attachment-40\" class=\"wp-caption-text\"><strong>Fahrzeugidentifikation Schein<\/strong><\/figcaption><\/figure><\/p>\n<div class=\"wpforms-field-content-display-frontend-clear\"><\/div><\/div><\/div><div id=\"wpforms-16-field_2-container\" class=\"wpforms-field wpforms-field-textarea\" data-field-id=\"2\"><label class=\"wpforms-field-label\" for=\"wpforms-16-field_2\">Beschreibung ihres Anliegens<\/label><textarea id=\"wpforms-16-field_2\" class=\"wpforms-field-medium\" name=\"wpforms[fields][2]\" aria-errormessage=\"wpforms-16-field_2-error\" aria-describedby=\"wpforms-16-field_2-description\" ><\/textarea><div id=\"wpforms-16-field_2-description\" class=\"wpforms-field-description\">Hier k\u00f6nnen m\u00f6gliche Fehlerbilder beschrieben werden oder m\u00f6gliche Diagnosecodes genannt werden.<\/div><\/div><div id=\"wpforms-16-field_24-container\" class=\"wpforms-field wpforms-field-select wpforms-conditional-trigger wpforms-field-select-style-modern\" data-field-id=\"24\"><label class=\"wpforms-field-label\" for=\"wpforms-16-field_24\">Fahrzeug-Identifizierungsnummer (FIN) oder HSN \/ TSN <span class=\"wpforms-required-label\" aria-hidden=\"true\">*<\/span><\/label><select id=\"wpforms-16-field_24\" class=\"wpforms-field-medium wpforms-field-required choicesjs-select\" data-size-class=\"wpforms-field-row wpforms-field-medium\" data-search-enabled=\"\" name=\"wpforms[fields][24]\" required=\"required\"><option value=\"\" class=\"placeholder\" disabled  selected='selected'>Bitte treffen Sie eine Auswahl<\/option><option value=\"Fahrzeug-Identifizierungsnummer (FIN)\" >Fahrzeug-Identifizierungsnummer (FIN)<\/option><option value=\"HSN \/ TSN\" >HSN \/ TSN<\/option><\/select><div id=\"wpforms-16-field_24-description\" class=\"wpforms-field-description\">Wir ben\u00f6tigen entweder die Fahrzeug-Identifizierungsnummer (FIN) oder die HSN \/ TSN.<\/div><\/div><div id=\"wpforms-16-field_19-container\" class=\"wpforms-field wpforms-field-text wpforms-conditional-field wpforms-conditional-show\" data-field-id=\"19\" style=\"display:none;\"><label class=\"wpforms-field-label\" for=\"wpforms-16-field_19\">Fahrzeug-Identifizierungsnummer (FIN) <span class=\"wpforms-required-label\" aria-hidden=\"true\">*<\/span><\/label><input type=\"text\" id=\"wpforms-16-field_19\" class=\"wpforms-field-medium wpforms-field-required\" name=\"wpforms[fields][19]\" aria-errormessage=\"wpforms-16-field_19-error\" required><\/div><div id=\"wpforms-16-field_20-container\" class=\"wpforms-field wpforms-field-text wpforms-conditional-field wpforms-conditional-show\" data-field-id=\"20\" style=\"display:none;\"><label class=\"wpforms-field-label\" for=\"wpforms-16-field_20\">HSN \/ TSN <span class=\"wpforms-required-label\" aria-hidden=\"true\">*<\/span><\/label><input type=\"text\" id=\"wpforms-16-field_20\" class=\"wpforms-field-medium wpforms-field-required\" name=\"wpforms[fields][20]\" aria-errormessage=\"wpforms-16-field_20-error\" required><\/div><\/div><div class=\"wpforms-layout-column wpforms-layout-column-50\"><\/div><\/div><\/div><div id=\"wpforms-16-field_25-container\" class=\"wpforms-field wpforms-field-checkbox wpforms-list-3-columns\" data-field-id=\"25\"><fieldset><legend class=\"wpforms-field-label\">Zu was l\u00e4sst sich ihr Anliegen am besten zuordnen?<\/legend><ul id=\"wpforms-16-field_25\" class=\"wpforms-image-choices wpforms-image-choices-modern\"><li class=\"choice-1 depth-1 wpforms-image-choices-item\"><label class=\"wpforms-field-label-inline\" for=\"wpforms-16-field_25_1\" tabindex=\"0\"><span class=\"wpforms-image-choices-image\"><img decoding=\"async\" src=\"https:\/\/dr-kfz.de\/od\/wp-content\/uploads\/2023\/08\/post-3-img.jpg\" alt=\"AdBlue Problem\" title=\"AdBlue Problem\"><\/span><input type=\"checkbox\" id=\"wpforms-16-field_25_1\" class=\"wpforms-screen-reader-element\" name=\"wpforms[fields][25][]\" value=\"AdBlue Problem\" aria-errormessage=\"wpforms-16-field_25_1-error\" tabindex=\"-1\"  ><span class=\"wpforms-image-choices-label\">AdBlue Problem<\/span><\/label><\/li><li class=\"choice-4 depth-1 wpforms-image-choices-item\"><label class=\"wpforms-field-label-inline\" for=\"wpforms-16-field_25_4\" tabindex=\"0\"><span class=\"wpforms-image-choices-image\"><img decoding=\"async\" src=\"https:\/\/dr-kfz.de\/od\/wp-content\/uploads\/2023\/08\/post-1-img.jpg\" alt=\"DPF Problem\" title=\"DPF Problem\"><\/span><input type=\"checkbox\" id=\"wpforms-16-field_25_4\" class=\"wpforms-screen-reader-element\" name=\"wpforms[fields][25][]\" value=\"DPF Problem\" aria-errormessage=\"wpforms-16-field_25_4-error\" tabindex=\"-1\"  ><span class=\"wpforms-image-choices-label\">DPF Problem<\/span><\/label><\/li><li class=\"choice-2 depth-1 wpforms-image-choices-item\"><label class=\"wpforms-field-label-inline\" for=\"wpforms-16-field_25_2\" tabindex=\"0\"><span class=\"wpforms-image-choices-image\"><img decoding=\"async\" src=\"https:\/\/dr-kfz.de\/od\/wp-content\/uploads\/2023\/08\/maxresdefault.jpg\" alt=\"AGR Problem\" title=\"AGR Problem\"><\/span><input type=\"checkbox\" id=\"wpforms-16-field_25_2\" class=\"wpforms-screen-reader-element\" name=\"wpforms[fields][25][]\" value=\"AGR Problem\" aria-errormessage=\"wpforms-16-field_25_2-error\" tabindex=\"-1\"  ><span class=\"wpforms-image-choices-label\">AGR Problem<\/span><\/label><\/li><li class=\"choice-3 depth-1 wpforms-image-choices-item\"><label class=\"wpforms-field-label-inline\" for=\"wpforms-16-field_25_3\" tabindex=\"0\"><span class=\"wpforms-image-choices-image\"><img decoding=\"async\" src=\"https:\/\/dr-kfz.de\/od\/wp-content\/uploads\/2023\/08\/Unbenannt-1.png\" alt=\"Tuning (mehr PS, mehr Drehmoment)\" title=\"Tuning (mehr PS, mehr Drehmoment)\"><\/span><input type=\"checkbox\" id=\"wpforms-16-field_25_3\" class=\"wpforms-screen-reader-element\" name=\"wpforms[fields][25][]\" value=\"Tuning (mehr PS, mehr Drehmoment)\" aria-errormessage=\"wpforms-16-field_25_3-error\" tabindex=\"-1\"  ><span class=\"wpforms-image-choices-label\">Tuning (mehr PS, mehr Drehmoment)<\/span><\/label><\/li><li class=\"choice-5 depth-1 wpforms-image-choices-item\"><label class=\"wpforms-field-label-inline\" for=\"wpforms-16-field_25_5\" tabindex=\"0\"><span class=\"wpforms-image-choices-image\"><img decoding=\"async\" src=\"https:\/\/dr-kfz.de\/od\/wp-content\/uploads\/2023\/08\/maskottchen-250x250-1.png\" alt=\"Ich wei\u00df es nicht genau...\" title=\"Ich wei\u00df es nicht genau...\"><\/span><input type=\"checkbox\" id=\"wpforms-16-field_25_5\" class=\"wpforms-screen-reader-element\" name=\"wpforms[fields][25][]\" value=\"Ich wei\u00df es nicht genau...\" aria-errormessage=\"wpforms-16-field_25_5-error\" tabindex=\"-1\"  ><span class=\"wpforms-image-choices-label\">Ich wei\u00df es nicht genau&#8230;<\/span><\/label><\/li><\/ul><\/fieldset><\/div><\/div><!-- .wpforms-field-container --><div class=\"wpforms-submit-container\" ><input type=\"hidden\" name=\"wpforms[id]\" value=\"16\"><input type=\"hidden\" name=\"wpforms[author]\" value=\"1\"><button type=\"submit\" name=\"wpforms[submit]\" id=\"wpforms-submit-16\" class=\"wpforms-submit\" data-alt-text=\"bitte warten...\" data-submit-text=\"Absenden\" aria-live=\"assertive\" value=\"wpforms-submit\">Absenden<\/button><img loading=\"lazy\" decoding=\"async\" src=\"https:\/\/dr-kfz.de\/od\/wp-content\/plugins\/wpforms\/assets\/images\/submit-spin.svg\" class=\"wpforms-submit-spinner\" style=\"display: none;\" width=\"26\" height=\"26\" alt=\"Wird geladen\"><\/div><input type=\"hidden\" id=\"ct_checkjs_wpforms_621461af90cadfdaf0e8d4cc25129f91\" name=\"ct_checkjs_wpforms\" value=\"0\" \/><script>setTimeout(function(){var ct_input_name = \"ct_checkjs_wpforms_621461af90cadfdaf0e8d4cc25129f91\";if (document.getElementById(ct_input_name) !== null) {var ct_input_value = document.getElementById(ct_input_name).value;document.getElementById(ct_input_name).value = document.getElementById(ct_input_name).value.replace(ct_input_value, '3053209');}}, 1000);<\/script><label id=\"apbct_label_id_16637\" class=\"apbct_special_field\"><input\n                    class=\"apbct_special_field apbct__email_id__wp_wpforms\"\n                    name=\"apbct_email_id__wp_wpforms\"\n                    type=\"text\" size=\"30\" maxlength=\"200\" autocomplete=\"off\"\n                    value=\"\"\n                \/><\/label><\/form><\/div>  <!-- .wpforms-container -->","protected":false},"excerpt":{"rendered":"","protected":false},"author":1,"featured_media":0,"parent":0,"menu_order":0,"comment_status":"closed","ping_status":"closed","template":"","meta":{"footnotes":""},"class_list":["post-62","page","type-page","status-publish","hentry"],"_links":{"self":[{"href":"https:\/\/dr-kfz.de\/od\/wp-json\/wp\/v2\/pages\/62","targetHints":{"allow":["GET"]}}],"collection":[{"href":"https:\/\/dr-kfz.de\/od\/wp-json\/wp\/v2\/pages"}],"about":[{"href":"https:\/\/dr-kfz.de\/od\/wp-json\/wp\/v2\/types\/page"}],"author":[{"embeddable":true,"href":"https:\/\/dr-kfz.de\/od\/wp-json\/wp\/v2\/users\/1"}],"replies":[{"embeddable":true,"href":"https:\/\/dr-kfz.de\/od\/wp-json\/wp\/v2\/comments?post=62"}],"version-history":[{"count":7,"href":"https:\/\/dr-kfz.de\/od\/wp-json\/wp\/v2\/pages\/62\/revisions"}],"predecessor-version":[{"id":85,"href":"https:\/\/dr-kfz.de\/od\/wp-json\/wp\/v2\/pages\/62\/revisions\/85"}],"wp:attachment":[{"href":"https:\/\/dr-kfz.de\/od\/wp-json\/wp\/v2\/media?parent=62"}],"curies":[{"name":"wp","href":"https:\/\/api.w.org\/{rel}","templated":true}]}}